{"id":14,"date":"2017-09-27T18:21:51","date_gmt":"2017-09-27T16:21:51","guid":{"rendered":"http:\/\/holzhermann.at\/?page_id=14"},"modified":"2022-06-07T14:15:09","modified_gmt":"2022-06-07T12:15:09","slug":"biografie","status":"publish","type":"page","link":"https:\/\/holzhermann.at\/index.php\/biografie\/","title":{"rendered":"Biografie"},"content":{"rendered":"\n<h2 class=\"wp-block-heading\"><strong>Mein Lebenslauf<\/strong><\/h2>\n\n\n\n<div class=\"wp-block-image\"><figure class=\"alignright\"><img loading=\"lazy\" decoding=\"async\" width=\"200\" height=\"277\" src=\"https:\/\/holzhermann.at\/wp-content\/uploads\/2017\/09\/holzhermann_01.jpg\" alt=\"\" class=\"wp-image-15\"\/><\/figure><\/div>\n\n\n\n<span class=\"t4p-dropcap dropcap\" style=\"color:#9db668;\">I<\/span>ch wurde 1944 in Wien geboren und bin in Salzburg aufgewachsen. In meiner Kindheit war das Basteln alleine oder mit Freunden meine Freizeitgestaltung &#8211; es gab ja weder Fernsehen noch Computerspiele. Da war Zeit f\u00fcr die Entwicklung von handwerklichem Geschick und von Kreativit\u00e4t. Es entstanden Baumburgen, Seifenkisten, kleine H\u00e4uschen mit Dosentelefon und vieles andere mehr. In den Taschen meiner Lederhosen waren (nicht zur Freude meiner Mutter)immer N\u00e4gel, Schrauben und Beilagscheiben zu finden.<br>Die Technik hatte es mir schon damals angetan .Gerne erinnere ich mich daran, als mein Vater <strong>die erste elektrisch Bohrmaschine<\/strong> nach Hause gebracht hat, ein Monstrum von einer Maschine, viel zu gro\u00df f\u00fcr meine Bubenh\u00e4nde .Ungehindert dessen bohrte ich \u00fcberall L\u00f6cher, auch dort, wo es nicht erw\u00fcnscht war.<\/p>\n\n\n\n<span class=\"t4p-dropcap dropcap\" style=\"color:#9db668;\">S<\/span>p\u00e4ter sind wir in die Gro\u00dfstadt Wien \u00fcbersiedelt, in eine alte stillgelegte Gie\u00dferei. Ich war in meinem Element, wenn ich alle Winkel der alten Hallen erforschte.<br>Nach einer nicht gerade strahlenden Matura ging es auf die TU Wien, Maschinenbau war mein Fach .Ich bl\u00fchte auf. Vergessen war die m\u00fchsame Gymnasiumszeit.<br>Auf der TU gab es neben viel Theorie auch praktische \u00dcbungen .Dabei habe ich meinen Professor zur Verzweiflung gebracht, denn \u00dcbungsst\u00fccke, f\u00fcr die eine ganze Woche vorgesehen war, erledigte ich in zwei Tagen.<br><strong>Mein handwerkliches Geschick kam mir da zu Gute.<\/strong><br>In dieser Zeit waren Stahl und Eisen meine Materialien. Mit meinem Bruder haben wir Aluminium gegossen, geschwei\u00dft ,gel\u00f6tet , an der Drehbank und Fr\u00e4smaschine gearbeitet und vieles andere mehr. Auch zum Leidwesen unserer Mutter ,die im ganzen Haus mit Stahlsp\u00e4nen und Schmier\u00f6l zu k\u00e4mpfen hatte.<br>Nach dem Studienabschluss war ich in der LKW Branche, berufst\u00e4tig &#8211; vorerst im Reparaturgesch\u00e4ft und dann im Vertrieb als Gesch\u00e4ftsf\u00fchrer und Chef einer sehr erfolgreichen Mannschaft.<\/p>\n\n\n\n<div class=\"wp-block-image\"><figure class=\"alignleft size-large\"><img loading=\"lazy\" decoding=\"async\" width=\"361\" height=\"500\" src=\"https:\/\/holzhermann.at\/wp-content\/uploads\/2017\/09\/holzhermann_02-1.jpg\" alt=\"\" class=\"wp-image-112\"\/><\/figure><\/div>\n\n\n\n<span class=\"t4p-dropcap dropcap\" style=\"color:#9db668;\">N<\/span>och in der Studienzeit habe ich geheiratet und eine Familie gegr\u00fcndet. Wir haben 4 Kinder, von denen das j\u00fcngste noch zur Schule geht. Meiner Frau verdanke ich den Freiraum f\u00fcr meine Aktivit\u00e4ten, den n\u00f6tige R\u00fcckhalt und viele Ideen und Anregungen. Sie ist es, die jetzt im ganzen Haus mit den Holzsp\u00e4nen k\u00e4mpft &#8211; der Staubsauger wurde ihr Lieblingsger\u00e4t. Mit zunehmendem Alter und hoffentlich auch zunehmender Reife habe ich Stahl und Eisen zur\u00fcckgelassen und mich dem Holz zugewendet.<br>Das ist jetzt mehr als 30 Jahre her, und die Liebe zum Holz w\u00e4chst immer noch, so sehr , dass ich mir sogar einen kleinen Wald gekauft habe, den ich mit Begeisterung ,viel M\u00fche und Schwei\u00df pflege. <strong>Alles Nadelholz ernte ich nun selbst.<\/strong><br>Meine Werkst\u00e4tte habe ich in einem mittelalterlichen Kellergew\u00f6lbe eingerichtet und heute mit modernen pr\u00e4zisen Maschinen ausgestattet. Diese Werkst\u00e4tte wurde f\u00fcr mich zu einem R\u00fcckzugsort und Raum der Entspannung nach stressigen Arbeitstagen zur Zeit meiner Berufst\u00e4tigkeit.<br>Am Tag meiner Pensionierung mit 65 habe ich mein Handwerksgewerbe angemeldet und bin sozusagen Jungunternehmer.<br>Ich habe Freude Besonderes oder auch Allt\u00e4gliches aus Holz zu schaffen, will aber auch in kleinen Seminaren in meiner Werkst\u00e4tte mein Wissen weitergeben. Es ist faszinierend, sich mit dem technischen Background und Wissen einem Handwerk zu widmen, alles in Frage zu stellen und neue Ideen zu verwirklichen .Und das aus einem Werkstoff der f\u00fchlt und atmet.<br>Und noch etwas: <strong>Es tut gut Anerkennung f\u00fcr ein besonders gelungenes St\u00fcck zu ernten.<\/strong><\/p>\n","protected":false},"excerpt":{"rendered":"<p>Mein Lebenslauf ch wurde 1944 in Wien geboren und bin in Salzburg aufgewachsen. In meiner Kindheit war das Basteln alleine oder mit Freunden meine Freizeitgestaltung &#8211; es gab ja weder Fernsehen noch Computerspiele. Da war Zeit f\u00fcr die Entwicklung von handwerklichem Geschick und von Kreativit\u00e4t. Es entstanden Baumburgen, Seifenkisten, kleine H\u00e4uschen mit Dosentelefon und vieles [&hellip;]<\/p>\n","protected":false},"author":1,"featured_media":0,"parent":0,"menu_order":0,"comment_status":"closed","ping_status":"closed","template":"","meta":{"footnotes":""},"class_list":["post-14","page","type-page","status-publish","hentry"],"_links":{"self":[{"href":"https:\/\/holzhermann.at\/index.php\/wp-json\/wp\/v2\/pages\/14","targetHints":{"allow":["GET"]}}],"collection":[{"href":"https:\/\/holzhermann.at\/index.php\/wp-json\/wp\/v2\/pages"}],"about":[{"href":"https:\/\/holzhermann.at\/index.php\/wp-json\/wp\/v2\/types\/page"}],"author":[{"embeddable":true,"href":"https:\/\/holzhermann.at\/index.php\/wp-json\/wp\/v2\/users\/1"}],"replies":[{"embeddable":true,"href":"https:\/\/holzhermann.at\/index.php\/wp-json\/wp\/v2\/comments?post=14"}],"version-history":[{"count":9,"href":"https:\/\/holzhermann.at\/index.php\/wp-json\/wp\/v2\/pages\/14\/revisions"}],"predecessor-version":[{"id":551,"href":"https:\/\/holzhermann.at\/index.php\/wp-json\/wp\/v2\/pages\/14\/revisions\/551"}],"wp:attachment":[{"href":"https:\/\/holzhermann.at\/index.php\/wp-json\/wp\/v2\/media?parent=14"}],"curies":[{"name":"wp","href":"https:\/\/api.w.org\/{rel}","templated":true}]}}