{"id":20,"date":"2017-09-27T18:23:13","date_gmt":"2017-09-27T16:23:13","guid":{"rendered":"http:\/\/holzhermann.at\/?page_id=20"},"modified":"2024-12-13T16:04:02","modified_gmt":"2024-12-13T15:04:02","slug":"kontakt","status":"publish","type":"page","link":"https:\/\/holzhermann.at\/index.php\/kontakt\/","title":{"rendered":"Kontakt"},"content":{"rendered":"<div class=\"t4p-content-boxes content-boxes columns t4p-columns-3 t4p-content-boxes-1 content-boxes-icon-on-top row\">\n<div class=\"t4p-column content-box-column content-box-column-1 col-lg-4 col-md-4 col-sm-4\"><div class=\"col content-wrapper\"><div class=\"heading heading-with-icon\"><div class=\"icon\"><i style=\"border-color:#7cbd25;color:#7cbd25;\" class=\"fa fontawesome-icon medium fa-info circle-yes t4p-animated\" animation_class=\"t4p-animated\" data-animationType=\"shake\" data-animationDuration=\"0.1\"><\/i><\/div><h2 class=\"content-box-heading\">Mail\/Telefon<\/h2><\/div><div class=\"content-container\">\n<h3><strong>E-Mail:<\/strong> office@holzhermann.at<br \/>\n<strong>Tel:<\/strong> +43 2243 22305<br \/>\n<\/div><\/div><\/div> <div class=\"t4p-column content-box-column content-box-column-2 col-lg-4 col-md-4 col-sm-4\"><div class=\"col content-wrapper\"><div class=\"heading heading-with-icon\"><div class=\"icon\"><i style=\"border-color:#7cbd25;color:#7cbd25;\" class=\"fa fontawesome-icon medium fa-building-o circle-yes t4p-animated\" animation_class=\"t4p-animated\" data-animationType=\"shake\" data-animationDuration=\"0.1\"><\/i><\/div><h2 class=\"content-box-heading\">Anschrift<\/h2><\/div><div class=\"content-container\">\n<h3>Martinstra\u00dfe 18<br \/>\n3400 Klosterneuburg<\/h3>\n<\/div><\/div><\/div> <div class=\"t4p-column content-box-column content-box-column-3 col-lg-4 col-md-4 col-sm-4\"><div class=\"col content-wrapper\"><div class=\"heading heading-with-icon\"><div class=\"icon\"><i style=\"border-color:#7cbd25;color:#7cbd25;\" class=\"fa fontawesome-icon medium fa-money circle-yes t4p-animated\" animation_class=\"t4p-animated\" data-animationType=\"fadeInDown\" data-animationDuration=\"0.5\"><\/i><\/div><h2 class=\"content-box-heading\">Bank<\/h2><\/div><div class=\"content-container\">\n<h3><strong>Bankverbindung:<\/strong> Easy Bank<br \/>\n<strong>IBAN:<\/strong> AT95 1420 0200 1415 9453<br \/>\n<strong>BIC:<\/strong> EASYATW1<\/h3>\n<\/div><\/div><\/div><div class=\"t4p-clearfix\"><\/div><div class=\"t4p-clearfix\"><\/div><\/div>\n\n\n<div class=\"t4p-content-boxes content-boxes columns t4p-columns-0 t4p-content-boxes-2 content-boxes-icon-on-side row\"><style type='text\/css'>.reading-box-container-1 .element-bottomshadow:before,.reading-box-container-1 .element-bottomshadow:after{opacity:0.7;}<\/style><div class=\"t4p-reading-box-container reading-box-container-1 t4p-animated\" animation_class=\"t4p-animated\" data-animationType=\"fadeInUp\" data-animationDuration=\"0.5\"><section class=\"reading-box\" style=\"background-color:transparent;border-width:0px;border-color:#f6f6f6;border-top-width:3px;border-top-color:#7bbd25;border-style:solid;\"><h2>Anfrage<\/h2><p>Wollen Sie N\u00e4heres wissen ? Bitte senden Sie uns ein E-Mail mit Namen, Angaben \u00fcber Ihr Unternehmen, Ihre Fragen und W\u00fcnsche.<\/p><\/section><\/div><div class=\"t4p-clearfix\"><\/div><\/div>\n\n\n\n<div class=\"wpcf7 no-js\" id=\"wpcf7-f668-o1\" lang=\"de-DE\" dir=\"ltr\" data-wpcf7-id=\"668\">\n<div class=\"screen-reader-response\"><p role=\"status\" aria-live=\"polite\" aria-atomic=\"true\"><\/p> <ul><\/ul><\/div>\n<form action=\"\/index.php\/wp-json\/wp\/v2\/pages\/20#wpcf7-f668-o1\" method=\"post\" class=\"wpcf7-form init\" aria-label=\"Kontaktformular\" novalidate=\"novalidate\" data-status=\"init\">\n<fieldset class=\"hidden-fields-container\"><input type=\"hidden\" name=\"_wpcf7\" value=\"668\" \/><input type=\"hidden\" name=\"_wpcf7_version\" value=\"6.1.5\" \/><input type=\"hidden\" name=\"_wpcf7_locale\" value=\"de_DE\" \/><input type=\"hidden\" name=\"_wpcf7_unit_tag\" value=\"wpcf7-f668-o1\" \/><input type=\"hidden\" name=\"_wpcf7_container_post\" value=\"0\" \/><input type=\"hidden\" name=\"_wpcf7_posted_data_hash\" value=\"\" \/>\n<\/fieldset>\n<p><label> Name<br \/>\n<span class=\"wpcf7-form-control-wrap\" data-name=\"your-name\"><input size=\"40\" maxlength=\"400\" class=\"wpcf7-form-control wpcf7-text wpcf7-validates-as-required\" autocomplete=\"name\" aria-required=\"true\" aria-invalid=\"false\" value=\"\" type=\"text\" name=\"your-name\" \/><\/span> <\/label>\n<\/p>\n<p><label> E-Mail<br \/>\n<span class=\"wpcf7-form-control-wrap\" data-name=\"your-email\"><input size=\"40\" maxlength=\"400\" class=\"wpcf7-form-control wpcf7-email wpcf7-validates-as-required wpcf7-text wpcf7-validates-as-email\" autocomplete=\"email\" aria-required=\"true\" aria-invalid=\"false\" value=\"\" type=\"email\" name=\"your-email\" \/><\/span> <\/label>\n<\/p>\n<p><label> Betreff<br \/>\n<span class=\"wpcf7-form-control-wrap\" data-name=\"your-subject\"><input size=\"40\" maxlength=\"400\" class=\"wpcf7-form-control wpcf7-text wpcf7-validates-as-required\" aria-required=\"true\" aria-invalid=\"false\" value=\"\" type=\"text\" name=\"your-subject\" \/><\/span> <\/label>\n<\/p>\n<p><label> Nachricht (optional)<br \/>\n<span class=\"wpcf7-form-control-wrap\" data-name=\"your-message\"><textarea cols=\"40\" rows=\"10\" maxlength=\"2000\" class=\"wpcf7-form-control wpcf7-textarea\" aria-invalid=\"false\" name=\"your-message\"><\/textarea><\/span> <\/label>\n<\/p>\n<p><input class=\"wpcf7-form-control wpcf7-submit has-spinner\" type=\"submit\" value=\"Senden\" \/>\n<\/p><div class=\"wpcf7-response-output\" aria-hidden=\"true\"><\/div>\n<\/form>\n<\/div>\n\n","protected":false},"excerpt":{"rendered":"","protected":false},"author":1,"featured_media":0,"parent":0,"menu_order":4,"comment_status":"closed","ping_status":"closed","template":"","meta":{"footnotes":""},"class_list":["post-20","page","type-page","status-publish","hentry"],"_links":{"self":[{"href":"https:\/\/holzhermann.at\/index.php\/wp-json\/wp\/v2\/pages\/20","targetHints":{"allow":["GET"]}}],"collection":[{"href":"https:\/\/holzhermann.at\/index.php\/wp-json\/wp\/v2\/pages"}],"about":[{"href":"https:\/\/holzhermann.at\/index.php\/wp-json\/wp\/v2\/types\/page"}],"author":[{"embeddable":true,"href":"https:\/\/holzhermann.at\/index.php\/wp-json\/wp\/v2\/users\/1"}],"replies":[{"embeddable":true,"href":"https:\/\/holzhermann.at\/index.php\/wp-json\/wp\/v2\/comments?post=20"}],"version-history":[{"count":21,"href":"https:\/\/holzhermann.at\/index.php\/wp-json\/wp\/v2\/pages\/20\/revisions"}],"predecessor-version":[{"id":814,"href":"https:\/\/holzhermann.at\/index.php\/wp-json\/wp\/v2\/pages\/20\/revisions\/814"}],"wp:attachment":[{"href":"https:\/\/holzhermann.at\/index.php\/wp-json\/wp\/v2\/media?parent=20"}],"curies":[{"name":"wp","href":"https:\/\/api.w.org\/{rel}","templated":true}]}}