{"id":660,"date":"2024-02-05T14:53:03","date_gmt":"2024-02-05T13:53:03","guid":{"rendered":"https:\/\/holzhermann.at\/?page_id=660"},"modified":"2024-02-05T15:07:15","modified_gmt":"2024-02-05T14:07:15","slug":"zubehoer-fuer-schistaender","status":"publish","type":"page","link":"https:\/\/holzhermann.at\/index.php\/zubehoer-fuer-schistaender\/","title":{"rendered":"Zubeh\u00f6r f\u00fcr Schist\u00e4nder"},"content":{"rendered":"\n<div class=\"wp-block-columns product-row is-layout-flex wp-container-core-columns-is-layout-9d6595d7 wp-block-columns-is-layout-flex\">\n<div class=\"wp-block-column product-col is-layout-flow wp-block-column-is-layout-flow\">\n<h2 class=\"wp-block-heading\"><a href=\"https:\/\/holzhermann.at\/index.php\/portfolio-items\/schmelzwasser-auffangwanne\/\">Schmelzwasserwanne<\/a><\/h2>\n\n\n\n<figure class=\"wp-block-image size-full\"><img loading=\"lazy\" decoding=\"async\" width=\"800\" height=\"597\" src=\"https:\/\/holzhermann.at\/wp-content\/uploads\/2017\/10\/skistaender2.jpg\" alt=\"Schmelzwasser-Auffangwanne\" class=\"wp-image-319\" style=\"aspect-ratio:1;object-fit:cover\"\/><\/figure>\n\n\n<p class=\"price\">230,00 \u20ac <span class=\"vat\">+ 20% MwSt.<\/span><\/p>\n<\/div>\n\n\n\n<div class=\"wp-block-column product-col is-layout-flow wp-block-column-is-layout-flow\">\n<h2 class=\"wp-block-heading\"><a href=\"https:\/\/holzhermann.at\/index.php\/portfolio-items\/halter-fuer-werbetafeln\">Halter f\u00fcr Werbetafeln<\/a><\/h2>\n\n\n\n<figure class=\"wp-block-image size-large\"><img loading=\"lazy\" decoding=\"async\" width=\"977\" height=\"1024\" src=\"https:\/\/holzhermann.at\/wp-content\/uploads\/2024\/02\/Skistaender_mit_Werbetafel_1-977x1024.jpg\" alt=\"\" class=\"wp-image-621\" style=\"aspect-ratio:1;object-fit:cover\"\/><\/figure>\n\n\n<p class=\"price\">130,00 \u20ac <span class=\"vat\">+ 20% MwSt.<\/span><\/p>\n<\/div>\n\n\n\n<div class=\"wp-block-column product-col is-layout-flow wp-block-column-is-layout-flow\"><\/div>\n<\/div>\n","protected":false},"excerpt":{"rendered":"<p>Schmelzwasserwanne Halter f\u00fcr Werbetafeln<\/p>\n","protected":false},"author":1,"featured_media":0,"parent":0,"menu_order":0,"comment_status":"closed","ping_status":"closed","template":"","meta":{"footnotes":""},"class_list":["post-660","page","type-page","status-publish","hentry"],"_links":{"self":[{"href":"https:\/\/holzhermann.at\/index.php\/wp-json\/wp\/v2\/pages\/660","targetHints":{"allow":["GET"]}}],"collection":[{"href":"https:\/\/holzhermann.at\/index.php\/wp-json\/wp\/v2\/pages"}],"about":[{"href":"https:\/\/holzhermann.at\/index.php\/wp-json\/wp\/v2\/types\/page"}],"author":[{"embeddable":true,"href":"https:\/\/holzhermann.at\/index.php\/wp-json\/wp\/v2\/users\/1"}],"replies":[{"embeddable":true,"href":"https:\/\/holzhermann.at\/index.php\/wp-json\/wp\/v2\/comments?post=660"}],"version-history":[{"count":3,"href":"https:\/\/holzhermann.at\/index.php\/wp-json\/wp\/v2\/pages\/660\/revisions"}],"predecessor-version":[{"id":665,"href":"https:\/\/holzhermann.at\/index.php\/wp-json\/wp\/v2\/pages\/660\/revisions\/665"}],"wp:attachment":[{"href":"https:\/\/holzhermann.at\/index.php\/wp-json\/wp\/v2\/media?parent=660"}],"curies":[{"name":"wp","href":"https:\/\/api.w.org\/{rel}","templated":true}]}}