{"id":846,"date":"2025-02-04T14:21:52","date_gmt":"2025-02-04T13:21:52","guid":{"rendered":"https:\/\/holzhermann.at\/?page_id=846"},"modified":"2025-02-04T14:46:14","modified_gmt":"2025-02-04T13:46:14","slug":"team","status":"publish","type":"page","link":"https:\/\/holzhermann.at\/index.php\/team\/","title":{"rendered":"Team"},"content":{"rendered":"\n<div class=\"wp-block-group is-layout-grid wp-container-core-group-is-layout-6be84c55 wp-block-group-is-layout-grid\">\n<figure class=\"wp-block-image size-full wp-container-content-2155ee95\"><img loading=\"lazy\" decoding=\"async\" width=\"533\" height=\"800\" src=\"https:\/\/holzhermann.at\/wp-content\/uploads\/2025\/02\/Himmelbauer-Senior.jpg\" alt=\"\" class=\"wp-image-861\"\/><\/figure>\n\n\n\n<figure class=\"wp-block-image size-full\"><img loading=\"lazy\" decoding=\"async\" width=\"533\" height=\"800\" src=\"https:\/\/holzhermann.at\/wp-content\/uploads\/2025\/02\/Hermann-Himmelbauer.png\" alt=\"\" class=\"wp-image-857\"\/><\/figure>\n\n\n\n<figure class=\"wp-block-image size-full\"><img loading=\"lazy\" decoding=\"async\" width=\"533\" height=\"800\" src=\"https:\/\/holzhermann.at\/wp-content\/uploads\/2025\/02\/Bernhard-Dellinger.png\" alt=\"\" class=\"wp-image-855\"\/><\/figure>\n\n\n\n<p class=\"has-text-align-center\">Gesch\u00e4ftsf\u00fchrung<br><strong>Hermann Himmelbauer sen.<\/strong><br><\/p>\n\n\n\n<p class=\"has-text-align-center\">Assistenz Gesch\u00e4ftsf\u00fchrung<br><strong>Hermann Himmelbauer<\/strong><\/p>\n\n\n\n<p class=\"has-text-align-center wp-container-content-2155ee95\">Tischlerei und Projektmanagement<br><strong>Bernhard Dellinger<\/strong><\/p>\n<\/div>\n\n\n\n<div class=\"wp-block-group is-layout-grid wp-container-core-group-is-layout-6be84c55 wp-block-group-is-layout-grid\">\n<figure class=\"wp-block-image size-full wp-container-content-2155ee95\"><img loading=\"lazy\" decoding=\"async\" width=\"533\" height=\"800\" src=\"https:\/\/holzhermann.at\/wp-content\/uploads\/2025\/02\/Jozef-Cizik.png\" alt=\"\" class=\"wp-image-858\"\/><\/figure>\n\n\n\n<figure class=\"wp-block-image size-full\"><img loading=\"lazy\" decoding=\"async\" width=\"533\" height=\"800\" src=\"https:\/\/holzhermann.at\/wp-content\/uploads\/2025\/02\/Christina-Himmelbauer.png\" alt=\"\" class=\"wp-image-856\"\/><\/figure>\n\n\n\n<p class=\"has-text-align-center\"><\/p>\n\n\n\n<p class=\"has-text-align-center\">Tischlerei<br><strong>Jozef Cizik<\/strong><\/p>\n\n\n\n<p class=\"has-text-align-center wp-container-content-2155ee95\">Skist\u00e4nder und PNZ<br><strong>Christina Himmelbauer<\/strong><\/p>\n<\/div>\n\n\n\n<p><\/p>\n","protected":false},"excerpt":{"rendered":"<p>Gesch\u00e4ftsf\u00fchrungHermann Himmelbauer sen. Assistenz Gesch\u00e4ftsf\u00fchrungHermann Himmelbauer Tischlerei und ProjektmanagementBernhard Dellinger TischlereiJozef Cizik Skist\u00e4nder und PNZChristina Himmelbauer<\/p>\n","protected":false},"author":1,"featured_media":0,"parent":0,"menu_order":0,"comment_status":"closed","ping_status":"closed","template":"","meta":{"footnotes":""},"class_list":["post-846","page","type-page","status-publish","hentry"],"_links":{"self":[{"href":"https:\/\/holzhermann.at\/index.php\/wp-json\/wp\/v2\/pages\/846","targetHints":{"allow":["GET"]}}],"collection":[{"href":"https:\/\/holzhermann.at\/index.php\/wp-json\/wp\/v2\/pages"}],"about":[{"href":"https:\/\/holzhermann.at\/index.php\/wp-json\/wp\/v2\/types\/page"}],"author":[{"embeddable":true,"href":"https:\/\/holzhermann.at\/index.php\/wp-json\/wp\/v2\/users\/1"}],"replies":[{"embeddable":true,"href":"https:\/\/holzhermann.at\/index.php\/wp-json\/wp\/v2\/comments?post=846"}],"version-history":[{"count":6,"href":"https:\/\/holzhermann.at\/index.php\/wp-json\/wp\/v2\/pages\/846\/revisions"}],"predecessor-version":[{"id":862,"href":"https:\/\/holzhermann.at\/index.php\/wp-json\/wp\/v2\/pages\/846\/revisions\/862"}],"wp:attachment":[{"href":"https:\/\/holzhermann.at\/index.php\/wp-json\/wp\/v2\/media?parent=846"}],"curies":[{"name":"wp","href":"https:\/\/api.w.org\/{rel}","templated":true}]}}